{"id":567,"date":"2019-05-27T12:25:03","date_gmt":"2019-05-27T10:25:03","guid":{"rendered":"https:\/\/extern18.gruene.ch\/severinluescher\/?page_id=567"},"modified":"2023-05-23T19:28:44","modified_gmt":"2023-05-23T17:28:44","slug":"ueber-mich","status":"publish","type":"page","link":"https:\/\/severin-luescher.ch\/?page_id=567","title":{"rendered":"\u00dcber mich"},"content":{"rendered":"","protected":false},"excerpt":{"rendered":"","protected":false},"author":1,"featured_media":868,"parent":0,"menu_order":0,"comment_status":"closed","ping_status":"closed","template":"","meta":{"_acf_changed":false,"inline_featured_image":false,"footnotes":""},"class_list":["post-567","page","type-page","status-publish","has-post-thumbnail","hentry"],"acf":[],"yoast_head":"<!-- This site is optimized with the Yoast SEO plugin v26.9 - https:\/\/yoast.com\/product\/yoast-seo-wordpress\/ -->\n<title>\u00dcber mich - Severin L\u00fcscher<\/title>\n<meta name=\"description\" content=\"Gesunde Taten - in meinem Beruf als Hausarzt wie in der Politik geht es mir um die Menschen, um ein nachhaltig gesundes, erf\u00fclltes und selbstbestimmtes Leben. Damit m\u00f6glichst viele Menschen auch im Aargau daran Anteil haben k\u00f6nnen, braucht es eine funktionierende Gemeinschaft, eine intakte Umwelt und eine solide Wirtschaft.\" \/>\n<meta name=\"robots\" content=\"index, follow, max-snippet:-1, max-image-preview:large, max-video-preview:-1\" \/>\n<link rel=\"canonical\" href=\"https:\/\/severin-luescher.ch\/?page_id=567\" \/>\n<meta property=\"og:locale\" content=\"de_DE\" \/>\n<meta property=\"og:type\" content=\"article\" \/>\n<meta property=\"og:title\" content=\"\u00dcber mich - Severin L\u00fcscher\" \/>\n<meta property=\"og:description\" content=\"Gesunde Taten - in meinem Beruf als Hausarzt wie in der Politik geht es mir um die Menschen, um ein nachhaltig gesundes, erf\u00fclltes und \u2026\" \/>\n<meta property=\"og:url\" content=\"https:\/\/severin-luescher.ch\/?page_id=567\" \/>\n<meta property=\"og:site_name\" content=\"Severin L\u00fcscher\" \/>\n<meta property=\"article:modified_time\" content=\"2023-05-23T17:28:44+00:00\" \/>\n<meta property=\"og:image\" content=\"https:\/\/severin-luescher.ch\/wp-content\/uploads\/sites\/9\/2019\/07\/MG_9450-3.jpg\" \/>\n\t<meta property=\"og:image:width\" content=\"3042\" \/>\n\t<meta property=\"og:image:height\" content=\"1837\" \/>\n\t<meta property=\"og:image:type\" content=\"image\/jpeg\" \/>\n<meta name=\"twitter:card\" content=\"summary_large_image\" \/>\n<meta name=\"twitter:site\" content=\"@severinluescher\" \/>\n<script type=\"application\/ld+json\" class=\"yoast-schema-graph\">{\"@context\":\"https:\/\/schema.org\",\"@graph\":[{\"@type\":\"WebPage\",\"@id\":\"https:\/\/severin-luescher.ch\/?page_id=567\",\"url\":\"https:\/\/severin-luescher.ch\/?page_id=567\",\"name\":\"\u00dcber mich - Severin L\u00fcscher\",\"isPartOf\":{\"@id\":\"https:\/\/severin-luescher.ch\/#website\"},\"primaryImageOfPage\":{\"@id\":\"https:\/\/severin-luescher.ch\/?page_id=567#primaryimage\"},\"image\":{\"@id\":\"https:\/\/severin-luescher.ch\/?page_id=567#primaryimage\"},\"thumbnailUrl\":\"https:\/\/severin-luescher.ch\/wp-content\/uploads\/sites\/9\/2019\/07\/MG_9450-3-2560x0-c-default.jpg\",\"datePublished\":\"2019-05-27T10:25:03+00:00\",\"dateModified\":\"2023-05-23T17:28:44+00:00\",\"description\":\"Gesunde Taten - in meinem Beruf als Hausarzt wie in der Politik geht es mir um die Menschen, um ein nachhaltig gesundes, erf\u00fclltes und selbstbestimmtes Leben. Damit m\u00f6glichst viele Menschen auch im Aargau daran Anteil haben k\u00f6nnen, braucht es eine funktionierende Gemeinschaft, eine intakte Umwelt und eine solide Wirtschaft.\",\"breadcrumb\":{\"@id\":\"https:\/\/severin-luescher.ch\/?page_id=567#breadcrumb\"},\"inLanguage\":\"de\",\"potentialAction\":[{\"@type\":\"ReadAction\",\"target\":[\"https:\/\/severin-luescher.ch\/?page_id=567\"]}]},{\"@type\":\"ImageObject\",\"inLanguage\":\"de\",\"@id\":\"https:\/\/severin-luescher.ch\/?page_id=567#primaryimage\",\"url\":\"https:\/\/severin-luescher.ch\/wp-content\/uploads\/sites\/9\/2019\/07\/MG_9450-3-2560x0-c-default.jpg\",\"contentUrl\":\"https:\/\/severin-luescher.ch\/wp-content\/uploads\/sites\/9\/2019\/07\/MG_9450-3-2560x0-c-default.jpg\",\"width\":3042,\"height\":1837},{\"@type\":\"BreadcrumbList\",\"@id\":\"https:\/\/severin-luescher.ch\/?page_id=567#breadcrumb\",\"itemListElement\":[{\"@type\":\"ListItem\",\"position\":1,\"name\":\"Front Page\",\"item\":\"https:\/\/severin-luescher.ch\/\"},{\"@type\":\"ListItem\",\"position\":2,\"name\":\"\u00dcber mich\"}]},{\"@type\":\"WebSite\",\"@id\":\"https:\/\/severin-luescher.ch\/#website\",\"url\":\"https:\/\/severin-luescher.ch\/\",\"name\":\"severin-luescher.ch\",\"description\":\"Dr. med. Severin L\u00fcscher wieder in den Grossen Rat\",\"potentialAction\":[{\"@type\":\"SearchAction\",\"target\":{\"@type\":\"EntryPoint\",\"urlTemplate\":\"https:\/\/severin-luescher.ch\/?s={search_term_string}\"},\"query-input\":{\"@type\":\"PropertyValueSpecification\",\"valueRequired\":true,\"valueName\":\"search_term_string\"}}],\"inLanguage\":\"de\"}]}<\/script>\n<!-- \/ Yoast SEO plugin. -->","yoast_head_json":{"title":"\u00dcber mich - Severin L\u00fcscher","description":"Gesunde Taten - in meinem Beruf als Hausarzt wie in der Politik geht es mir um die Menschen, um ein nachhaltig gesundes, erf\u00fclltes und selbstbestimmtes Leben. Damit m\u00f6glichst viele Menschen auch im Aargau daran Anteil haben k\u00f6nnen, braucht es eine funktionierende Gemeinschaft, eine intakte Umwelt und eine solide Wirtschaft.","robots":{"index":"index","follow":"follow","max-snippet":"max-snippet:-1","max-image-preview":"max-image-preview:large","max-video-preview":"max-video-preview:-1"},"canonical":"https:\/\/severin-luescher.ch\/?page_id=567","og_locale":"de_DE","og_type":"article","og_title":"\u00dcber mich - Severin L\u00fcscher","og_description":"Gesunde Taten - in meinem Beruf als Hausarzt wie in der Politik geht es mir um die Menschen, um ein nachhaltig gesundes, erf\u00fclltes und \u2026","og_url":"https:\/\/severin-luescher.ch\/?page_id=567","og_site_name":"Severin L\u00fcscher","article_modified_time":"2023-05-23T17:28:44+00:00","og_image":[{"width":3042,"height":1837,"url":"https:\/\/severin-luescher.ch\/wp-content\/uploads\/sites\/9\/2019\/07\/MG_9450-3.jpg","type":"image\/jpeg"}],"twitter_card":"summary_large_image","twitter_site":"@severinluescher","schema":{"@context":"https:\/\/schema.org","@graph":[{"@type":"WebPage","@id":"https:\/\/severin-luescher.ch\/?page_id=567","url":"https:\/\/severin-luescher.ch\/?page_id=567","name":"\u00dcber mich - Severin L\u00fcscher","isPartOf":{"@id":"https:\/\/severin-luescher.ch\/#website"},"primaryImageOfPage":{"@id":"https:\/\/severin-luescher.ch\/?page_id=567#primaryimage"},"image":{"@id":"https:\/\/severin-luescher.ch\/?page_id=567#primaryimage"},"thumbnailUrl":"https:\/\/severin-luescher.ch\/wp-content\/uploads\/sites\/9\/2019\/07\/MG_9450-3-2560x0-c-default.jpg","datePublished":"2019-05-27T10:25:03+00:00","dateModified":"2023-05-23T17:28:44+00:00","description":"Gesunde Taten - in meinem Beruf als Hausarzt wie in der Politik geht es mir um die Menschen, um ein nachhaltig gesundes, erf\u00fclltes und selbstbestimmtes Leben. Damit m\u00f6glichst viele Menschen auch im Aargau daran Anteil haben k\u00f6nnen, braucht es eine funktionierende Gemeinschaft, eine intakte Umwelt und eine solide Wirtschaft.","breadcrumb":{"@id":"https:\/\/severin-luescher.ch\/?page_id=567#breadcrumb"},"inLanguage":"de","potentialAction":[{"@type":"ReadAction","target":["https:\/\/severin-luescher.ch\/?page_id=567"]}]},{"@type":"ImageObject","inLanguage":"de","@id":"https:\/\/severin-luescher.ch\/?page_id=567#primaryimage","url":"https:\/\/severin-luescher.ch\/wp-content\/uploads\/sites\/9\/2019\/07\/MG_9450-3-2560x0-c-default.jpg","contentUrl":"https:\/\/severin-luescher.ch\/wp-content\/uploads\/sites\/9\/2019\/07\/MG_9450-3-2560x0-c-default.jpg","width":3042,"height":1837},{"@type":"BreadcrumbList","@id":"https:\/\/severin-luescher.ch\/?page_id=567#breadcrumb","itemListElement":[{"@type":"ListItem","position":1,"name":"Front Page","item":"https:\/\/severin-luescher.ch\/"},{"@type":"ListItem","position":2,"name":"\u00dcber mich"}]},{"@type":"WebSite","@id":"https:\/\/severin-luescher.ch\/#website","url":"https:\/\/severin-luescher.ch\/","name":"severin-luescher.ch","description":"Dr. med. Severin L\u00fcscher wieder in den Grossen Rat","potentialAction":[{"@type":"SearchAction","target":{"@type":"EntryPoint","urlTemplate":"https:\/\/severin-luescher.ch\/?s={search_term_string}"},"query-input":{"@type":"PropertyValueSpecification","valueRequired":true,"valueName":"search_term_string"}}],"inLanguage":"de"}]}},"_links":{"self":[{"href":"https:\/\/severin-luescher.ch\/index.php?rest_route=\/wp\/v2\/pages\/567","targetHints":{"allow":["GET"]}}],"collection":[{"href":"https:\/\/severin-luescher.ch\/index.php?rest_route=\/wp\/v2\/pages"}],"about":[{"href":"https:\/\/severin-luescher.ch\/index.php?rest_route=\/wp\/v2\/types\/page"}],"author":[{"embeddable":true,"href":"https:\/\/severin-luescher.ch\/index.php?rest_route=\/wp\/v2\/users\/1"}],"replies":[{"embeddable":true,"href":"https:\/\/severin-luescher.ch\/index.php?rest_route=%2Fwp%2Fv2%2Fcomments&post=567"}],"version-history":[{"count":35,"href":"https:\/\/severin-luescher.ch\/index.php?rest_route=\/wp\/v2\/pages\/567\/revisions"}],"predecessor-version":[{"id":1198,"href":"https:\/\/severin-luescher.ch\/index.php?rest_route=\/wp\/v2\/pages\/567\/revisions\/1198"}],"wp:featuredmedia":[{"embeddable":true,"href":"https:\/\/severin-luescher.ch\/index.php?rest_route=\/wp\/v2\/media\/868"}],"wp:attachment":[{"href":"https:\/\/severin-luescher.ch\/index.php?rest_route=%2Fwp%2Fv2%2Fmedia&parent=567"}],"curies":[{"name":"wp","href":"https:\/\/api.w.org\/{rel}","templated":true}]}}